{"id":135,"date":"2024-04-02T14:50:39","date_gmt":"2024-04-02T12:50:39","guid":{"rendered":"https:\/\/cocinaporelcambio.com\/?page_id=135"},"modified":"2024-04-02T14:52:01","modified_gmt":"2024-04-02T12:52:01","slug":"que-hacemos","status":"publish","type":"page","link":"https:\/\/cocinaporelcambio.com\/index.php\/que-hacemos\/","title":{"rendered":"Qu\u00e9 hacemos"},"content":{"rendered":"\t\t<div data-elementor-type=\"wp-page\" data-elementor-id=\"135\" class=\"elementor elementor-135\">\n\t\t\t\t\t\t<section class=\"elementor-section elementor-top-section elementor-element elementor-element-3eb3627 elementor-section-stretched elementor-section-full_width elementor-section-height-min-height aux-appear-watch-animation aux-mask-from-top elementor-section-height-default elementor-section-items-middle\" data-id=\"3eb3627\" data-element_type=\"section\" data-settings=\"{&quot;background_background&quot;:&quot;classic&quot;,&quot;stretch_section&quot;:&quot;section-stretched&quot;}\">\n\t\t\t\t\t\t\t<div class=\"elementor-background-overlay\"><\/div>\n\t\t\t\t\t\t\t<div class=\"elementor-container elementor-column-gap-no\">\n\t\t\t\t\t<div class=\"aux-parallax-section elementor-column elementor-col-100 elementor-top-column elementor-element elementor-element-727c243\" data-id=\"727c243\" data-element_type=\"column\">\n\t\t\t<div class=\"elementor-widget-wrap elementor-element-populated\">\n\t\t\t\t\t\t<div class=\"elementor-element elementor-element-d68c50b elementor-widget elementor-widget-text-editor\" data-id=\"d68c50b\" data-element_type=\"widget\" data-widget_type=\"text-editor.default\">\n\t\t\t\t<div class=\"elementor-widget-container\">\n\t\t\t\t\t\t\t\t\t<section class=\"elementor-section elementor-inner-section elementor-element elementor-element-606c955 elementor-section-boxed elementor-section-height-default elementor-section-height-default\" data-id=\"606c955\" data-element_type=\"section\"><div class=\"elementor-container elementor-column-gap-default\"><div class=\"elementor-column elementor-col-100 elementor-inner-column elementor-element elementor-element-6538fd3\" data-id=\"6538fd3\" data-element_type=\"column\"><div class=\"elementor-widget-wrap elementor-element-populated\"><div class=\"elementor-element elementor-element-04fdfa0 title elementor-widget elementor-widget-text-editor\" data-id=\"04fdfa0\" data-element_type=\"widget\" data-widget_type=\"text-editor.default\"><div class=\"elementor-widget-container\"><h1 style=\"text-align: center;\">\u00bfQue hacemos?<\/h1><\/div><\/div><\/div><\/div><\/div><\/section><section class=\"elementor-section elementor-inner-section elementor-element elementor-element-f0a8be8 elementor-section-boxed elementor-section-height-default elementor-section-height-default\" data-id=\"f0a8be8\" data-element_type=\"section\"><div class=\"elementor-container elementor-column-gap-default\"><div class=\"elementor-column elementor-col-100 elementor-inner-column elementor-element elementor-element-a2b71d4\" data-id=\"a2b71d4\" data-element_type=\"column\"><div class=\"elementor-widget-wrap elementor-element-populated\"><div class=\"elementor-element elementor-element-265e0a5 text-big elementor-widget elementor-widget-text-editor\" data-id=\"265e0a5\" data-element_type=\"widget\" data-widget_type=\"text-editor.default\"><div class=\"elementor-widget-container\" style=\"text-align: center;\"><p data-sourcepos=\"3:1-3:302\">Bajo el lema \u201cCocina por el cambio\u201d, queremos llegar a los campamentos de refugiados<br \/>saharauis (Tindouf, Argelia), para llevar a cabo un proyecto de cooperaci\u00f3n al desarrollo<br \/>en materia formativa, creaci\u00f3n de empleo y lucha contra la malnutrici\u00f3n, dirigido a una<br \/>poblaci\u00f3n que vive con escasas oportunidades de decidir su futuro en el desierto.<br \/>Nuestra MISI\u00d3N principal es fomentar que las j\u00f3venes refugiadas contin\u00faen con su<br \/>formaci\u00f3n m\u00e1s all\u00e1 de la educaci\u00f3n b\u00e1sica para que les permita acceder a la vida laboral,<br \/>propiciando de esta forma la creaci\u00f3n de nuevos empleos remunerados que les ayude a<br \/>salir de la situaci\u00f3n de pobreza en la que subsisten, derivada de la dependencia casi total<br \/>de las ayudas externas y donaciones que reciben.<br \/>Para ello, hemos construido un comedor escuela donde cada a\u00f1o recibir\u00e1n formaci\u00f3n y<br \/>trabajar\u00e1n 20 mujeres, de las cuales 4 de ellas se quedar\u00e1n como formadoras al a\u00f1o<br \/>siguiente con el objetivo de lograr la autogesti\u00f3n y sostenibilidad del proyecto a los 5<br \/>a\u00f1os.<br \/>Nuestra VISI\u00d3N se centra en el empoderamiento de la mujer a trav\u00e9s de la formaci\u00f3n y<br \/>el empleo, as\u00ed como en la creaci\u00f3n de sinergias positivas con instituciones y entidades<br \/>locales para promover un desarrollo humano local y sostenible. El modelo presentado se<br \/>ir\u00e1 reproduciendo en las distintas wilayas (campamentos), aprendiendo de los errores<br \/>cometidos y teji\u00e9ndose una red de asociacionismo consolidado y duradero. Un cambio<br \/>real traducido en esperanza.<br \/>Nuestros VALORES son el compromiso, hacia la poblaci\u00f3n saharaui; la responsabilidad<br \/>con todas aquellas personas que han aportado su granito de arena para que el proyecto<br \/>salga adelante; la constancia, al perseverar por conseguir todos nuestros objetivos,<br \/>independientemente de las dificultades que nos podamos encontrar por el camino; la<br \/>participaci\u00f3n, pues es algo del pueblo para el pueblo, donde todas las personas son<br \/>bienvenidas a construir un futuro juntas y, por \u00faltimo, la colectividad, pues no estamos<br \/>solos, son muchas las personas y entidades que colaboran de una forma o de otra, siendo<br \/>gracias a todas ellas que no pararemos de cocinar futuro juntas.<\/p><\/div><\/div><\/div><\/div><\/div><\/section>\t\t\t\t\t\t\t\t<\/div>\n\t\t\t\t<\/div>\n\t\t\t\t<div class=\"elementor-element elementor-element-41fa66d elementor-button-warning elementor-align-center elementor-widget elementor-widget-button\" data-id=\"41fa66d\" data-element_type=\"widget\" data-widget_type=\"button.default\">\n\t\t\t\t<div class=\"elementor-widget-container\">\n\t\t\t\t\t\t\t\t\t<div class=\"elementor-button-wrapper\">\n\t\t\t\t\t<a class=\"elementor-button elementor-button-link elementor-size-sm\" href=\"https:\/\/buy.stripe.com\/9AQ3ey6hc1dXbMAeUW\">\n\t\t\t\t\t\t<span class=\"elementor-button-content-wrapper\">\n\t\t\t\t\t\t\t\t\t<span class=\"elementor-button-text\">COLABORA<\/span>\n\t\t\t\t\t<\/span>\n\t\t\t\t\t<\/a>\n\t\t\t\t<\/div>\n\t\t\t\t\t\t\t\t<\/div>\n\t\t\t\t<\/div>\n\t\t\t\t<div class=\"elementor-element elementor-element-dbc3129 elementor-widget elementor-widget-spacer\" data-id=\"dbc3129\" data-element_type=\"widget\" data-widget_type=\"spacer.default\">\n\t\t\t\t<div class=\"elementor-widget-container\">\n\t\t\t\t\t\t\t<div class=\"elementor-spacer\">\n\t\t\t<div class=\"elementor-spacer-inner\"><\/div>\n\t\t<\/div>\n\t\t\t\t\t\t<\/div>\n\t\t\t\t<\/div>\n\t\t\t\t\t<\/div>\n\t\t<\/div>\n\t\t\t\t\t<\/div>\n\t\t<\/section>\n\t\t\t\t<\/div>\n\t\t","protected":false},"excerpt":{"rendered":"<p>\u00bfQue hacemos? Bajo el lema \u201cCocina por el cambio\u201d, queremos llegar a los campamentos de refugiadossaharauis (Tindouf, Argelia), para llevar a cabo un proyecto de cooperaci\u00f3n al desarrolloen materia formativa, creaci\u00f3n de empleo y lucha contra la malnutrici\u00f3n, dirigido a unapoblaci\u00f3n que vive con escasas oportunidades de decidir su futuro en el desierto.Nuestra MISI\u00d3N principal [&hellip;]<\/p>\n","protected":false},"author":1,"featured_media":0,"parent":0,"menu_order":0,"comment_status":"closed","ping_status":"closed","template":"","meta":{"om_disable_all_campaigns":false,"_monsterinsights_skip_tracking":false,"_monsterinsights_sitenote_active":false,"_monsterinsights_sitenote_note":"","_monsterinsights_sitenote_category":0,"_uf_show_specific_survey":0,"_uf_disable_surveys":false,"footnotes":""},"class_list":["post-135","page","type-page","status-publish","hentry"],"aioseo_notices":[],"_links":{"self":[{"href":"https:\/\/cocinaporelcambio.com\/index.php\/wp-json\/wp\/v2\/pages\/135","targetHints":{"allow":["GET"]}}],"collection":[{"href":"https:\/\/cocinaporelcambio.com\/index.php\/wp-json\/wp\/v2\/pages"}],"about":[{"href":"https:\/\/cocinaporelcambio.com\/index.php\/wp-json\/wp\/v2\/types\/page"}],"author":[{"embeddable":true,"href":"https:\/\/cocinaporelcambio.com\/index.php\/wp-json\/wp\/v2\/users\/1"}],"replies":[{"embeddable":true,"href":"https:\/\/cocinaporelcambio.com\/index.php\/wp-json\/wp\/v2\/comments?post=135"}],"version-history":[{"count":4,"href":"https:\/\/cocinaporelcambio.com\/index.php\/wp-json\/wp\/v2\/pages\/135\/revisions"}],"predecessor-version":[{"id":139,"href":"https:\/\/cocinaporelcambio.com\/index.php\/wp-json\/wp\/v2\/pages\/135\/revisions\/139"}],"wp:attachment":[{"href":"https:\/\/cocinaporelcambio.com\/index.php\/wp-json\/wp\/v2\/media?parent=135"}],"curies":[{"name":"wp","href":"https:\/\/api.w.org\/{rel}","templated":true}]}}